{"id":81,"date":"2016-12-10T10:00:56","date_gmt":"2016-12-10T09:00:56","guid":{"rendered":"http:\/\/www.logikasoftware.com\/Tecnomedia\/?page_id=81"},"modified":"2016-12-27T09:49:07","modified_gmt":"2016-12-27T08:49:07","slug":"sit","status":"publish","type":"page","link":"https:\/\/www.logikasoftware.com\/Tecnomedia\/sit\/","title":{"rendered":"SIT"},"content":{"rendered":"<p>[vc_row][vc_column width=&#8221;1\/2&#8243;]<div class=\"grve-element grve-image grve-align-center\" style=\"\"><a href=\"http:\/\/www.newslinet.it\" target=\"_blank\"><img width=\"600\" height=\"343\" src=\"https:\/\/www.logikasoftware.com\/Tecnomedia\/wp-content\/uploads\/2016\/12\/newslinet.jpg\" class=\"attachment-full size-full\" alt=\"\" loading=\"lazy\" srcset=\"https:\/\/www.logikasoftware.com\/Tecnomedia\/wp-content\/uploads\/2016\/12\/newslinet.jpg 600w, https:\/\/www.logikasoftware.com\/Tecnomedia\/wp-content\/uploads\/2016\/12\/newslinet-300x172.jpg 300w\" sizes=\"(max-width: 600px) 100vw, 600px\" \/><\/a><\/div><div class=\"grve-element grve-hr grve-space-divider\" style=\"padding-bottom: 30px;\"><\/div><div class=\"grve-element grve-image grve-align-center\" style=\"\"><a href=\"http:\/\/www.newslinet.it\" target=\"_blank\"><img width=\"256\" height=\"60\" src=\"https:\/\/www.logikasoftware.com\/Tecnomedia\/wp-content\/uploads\/2016\/12\/SIT-nuovo.jpg\" class=\"attachment-full size-full\" alt=\"\" loading=\"lazy\" \/><\/a><\/div>[\/vc_column][vc_column width=&#8221;1\/2&#8243;][vc_column_text]<\/p>\n<h4>S.I.T. &#8211; Service Informativo Telematico<\/h4>\n<div id=\"articolo\" class=\"content\">\n<p class=\"rtejustify\">Ormai da un decennio, la struttura <a href=\"http:\/\/www.consultmedia.it\"><em>Consultmedia<\/em><\/a> (collegata al periodico <a href=\"http:\/\/www.newslinet.it\"><em>NL Newslinet.it<\/em><\/a>) ha esteso il &#8220;<em>Service informativo telematico&#8221; (S.I.T.), <\/em>storicamente riservato alla propria clientela\u00a0e che si sostanzia nell&#8217;invio di puntuali circolari in occasione di ogni scadenza ordinaria o straordinaria prevista dal vigente ordinamento giuridico in ambito editoriale, ovvero nella produzione di informazioni utili in ordine ad orientamenti giurisprudenziali o dottrinali, a qualsiasi soggetto che sottoscriva apposito abbonamento.<\/p>\n<p class=\"rtejustify\">Il <em>S.I.T.<\/em> si \u00e8 poi evoluto in maniera naturale nel <a href=\"http:\/\/www.consultmedia.it\"><em><strong>S.I.T. Online, <\/strong><\/em><\/a>una banca dati\u00a0in rete\u00a0ultraspecialistica dove sono catalogate tutte le circolari della struttura <a href=\"http:\/\/www.consultmedia.it\"><strong><em>Consultmedia<\/em><\/strong><\/a> almeno da tre\u00a0anni a questa parte.<\/p>\n<p class=\"rtejustify\">Il costo dell&#8217;abbonamento per 12 mesi al <em>S.I.T. Online <\/em>(<strong><em>la cui adesione<\/em><\/strong>\u00a0<em><strong><u>non<\/u> d\u00e0 diritto ad usufruire dei singoli servizi consultivi della struttura <\/strong><\/em><a href=\"http:\/\/www.consultmedia.it\"><em><strong>Consultmedia<\/strong><\/em><\/a><em><strong>, erogati <u>a parte<\/u>)<\/strong><\/em> \u00e8 di soli <u><strong>\u20ac 100,00+IVA<\/strong><\/u>.<\/p>\n<p class=\"rtejustify\">In calce sono riportate le condizione specifiche di contratto per la fruizione del servizio <em>S.I.T.<\/em><\/p>\n<p><strong>Per maggiori informazioni:<\/strong><br \/>\n<a href=\"http:\/\/www.consultmedia.it\"><em>Consultmedia<\/em><\/a><em> &#8211; divisione di Planet s.r.l. &#8211; Via Taramelli 11 20025 Legnano (MI) <a href=\"mailto:info@planetmedia.it\">info@planetmedia.it<\/a> <\/em><em>tel. 0331\/452183-593377<br \/>\n<\/em><\/p>\n<div>\n<div class=\"rtejustify\"><strong><em>CONDIZIONI SPECIFICHE DI CONTRATTO PER LA FRUIZIONE\u00a0 DEL SERVIZIO S.I.T. (SERVICE INFORMATIVO TELEMATICO)<\/em><\/strong><\/div>\n<div><em>\u00a0\u00a0<\/em><\/div>\n<div class=\"rtejustify\"><em>1. DEFINIZIONI<\/em><\/div>\n<div class=\"rtejustify\"><em>\u00a0<\/em><\/div>\n<div class=\"rtejustify\"><em>1.1. Consultmedia: divisione operativa di Planet, organizzata quale struttura di competenze multidisciplinari a pi\u00f9 livelli, attiva nella consulenza direzionale ed organizzativa erogata a imprese operanti nel settore dell\u2019editoria, a operatori delle telecomunicazioni, a professionisti operanti in tali ambiti e comunque a soggetti interessati alle materie anzidette;<\/em><\/div>\n<div class=\"rtejustify\"><em>1.2. Circolare: comunicazione scritta inoltrata al cliente contenente utili informazioni riguardanti specifici adempimenti, obblighi a cui ottemperare, notizie commerciali, aggiornamenti normativi, giurisprudenziali e dottrinali afferenti il settore nel quale si estrinseca l\u2019attivit\u00e0 professionale di Consultmedia;<\/em><\/div>\n<div class=\"rtejustify\"><em>1.3. S.I.T.: acronimo di \u201cService Informativo Telematico\u201d (di seguito anche \u201cservizio\u201d), servizio di invio delle circolari di Consultmedia, che qui qualifica come l\u2019offerta specifica di Planet;<\/em><\/div>\n<div class=\"rtejustify\"><em>1.4. S.I.T. Online: banca dati in rete, dove sono catalogate e raccolte tutte le circolari di Consultmedia almeno da tre anni a questa parte ed alla quale si accede attraverso \u201cusername\u201d e \u201cpassword\u201d rilasciate da Planet a seguito del perfezionamento del contratto relativo al servizio in parola.<\/em><\/div>\n<div class=\"rtejustify\"><em>\u00a0<\/em><\/div>\n<div class=\"rtejustify\"><em>2. AVVERTIMENTI<\/em><\/div>\n<div class=\"rtejustify\"><em>\u00a0<\/em><\/div>\n<div class=\"rtejustify\"><em>2.1. Ai sensi dell\u2019art. 1, comma 1, del D.L. 22\/03\/2004, n. 72, come modificato dalla Legge di conversione 21\/05\/2004, n. 128, le opere ed i contenuti presenti sui siti <a title=\"www.consultmedia.it\" href=\"http:\/\/www.consultmedia.it\">www.consultmedia.it<\/a>, <a title=\"www.newslinet.it\" href=\"http:\/\/www.newslinet.it\">www.newslinet.it<\/a>, <a title=\"www.tecnomedia.consultmedia.it\" href=\"http:\/\/www.tecnomedia.consultmedia.it\">www.tecnomedia.consultmedia.it<\/a>, <a title=\"www.planetmedia.it\" href=\"http:\/\/www.planetmedia.it\">www.planetmedia.it<\/a> e comunque a tutti i domini e siti internet riconducibili a Planet, sono pubblicate e diffuse previa assoluzione degli obblighi derivanti dalla normativa sul diritto d\u2019autore e sui diritti connessi. La riproduzione, la comunicazione al pubblico, la messa a disposizione del pubblico, o comunque un qualsiasi uso anche di loghi e marchi debordante dalle finalit\u00e0 e dall\u2019oggetto del presente contratto sono espressamente vietati. Alle violazioni si applicano le sanzioni previste dalla legge n. 633\/1941 (legge sul diritto d\u2019autore) e successive modifiche e integrazioni.<\/em><\/div>\n<div class=\"rtejustify\"><em>\u00a0<\/em><\/div>\n<div class=\"rtejustify\"><em>3. DISPOSIZIONI GENERALI<\/em><\/div>\n<div class=\"rtejustify\"><em>\u00a0<\/em><\/div>\n<div class=\"rtejustify\"><em>3.1. Il mancato esercizio da parte di Planet dei diritti derivanti dal presente contratto non costituir\u00e0 acquiescenza, n\u00e9 potr\u00e0 essere considerato una rinuncia agli stessi. Se una qualsiasi clausola del presente contratto dovesse essere invalidata o resa inapplicabile in forza di provvedimenti di legge o giudiziali, il resto del contratto rimarr\u00e0 in vigore.<\/em><\/div>\n<div class=\"rtejustify\"><em>\u00a0<\/em><\/div>\n<div class=\"rtejustify\"><em>4. OGGETTO<\/em><\/div>\n<div class=\"rtejustify\"><em>\u00a0<\/em><\/div>\n<div class=\"rtejustify\"><em>4.1. Il presente contratto consta nell\u2019erogazione del servizio offerto da Planet denominato S.I.T. che si sostanzia nell\u2019inoltro &#8211; attraverso lo strumento della posta elettronica \u2013 ovvero nella fruizione attraverso la consultazione dei siti Internet riconducibili a Planet (SIT Online);<\/em><\/div>\n<div class=\"rtejustify\"><em>4.2. la semplice adesione al presente contratto non d\u00e0 diritto n\u00e9 obbliga ad usufruire dei singoli e diversi servizi consultivi di Planet, che potranno essere erogati e fatturati a parte qualora espressamente richiesti dal cliente;<\/em><\/div>\n<div class=\"rtejustify\"><em>4.3. il servizio non comprende n\u00e9 implica consulti telefonici n\u00e9 telematici con i professionisti che hanno partecipato alla redazione delle circolari;<\/em><\/div>\n<div class=\"rtejustify\"><em>4.4. i contenuti inviati al cliente sono forniti esclusivamente e tassativamente ad uso personale e puramente informativo e ne\u00a0\u00e8 espressamente vietata la commercializzazione e la redistribuzione con qualsiasi mezzo. In caso di violazione dell\u2019obbligo predetto, Planet e\/o soggetti collegati e\/o controllati si riservano ogni eventuale azione finalizzata alla tutela dei propri diritti ed al risarcimento dei danni patiti;<\/em><\/div>\n<div class=\"rtejustify\"><em>4.5. Planet si riserva, altres\u00ec, il diritto di modificare, integrare o eliminare le informazioni o le modalit\u00e0 di erogazione e\/o consultazioni relative al servizio in parola.<\/em><\/div>\n<div class=\"rtejustify\"><em>\u00a0<\/em><\/div>\n<div class=\"rtejustify\"><em>5. FORMAZIONE DEL CONTENUTO DELLE CIRCOLARI ED INVIO TELEMATICO<\/em><\/div>\n<div class=\"rtejustify\"><em>\u00a0<\/em><\/div>\n<div class=\"rtejustify\"><em>5.1. Le circolari sono predisposte da professionisti esperti (a titolo esemplificativo e non esaustivo: tecnici qualificati, consulenti legali ed editoriali, giornalisti, ecc\u2026) facenti riferimento a Planet, che, relativamente alle materie di volta in volta trattate, possiedono un alto livello di competenza e professionalit\u00e0;<\/em><\/div>\n<div class=\"rtejustify\"><em>5.2. Planet, provveder\u00e0, senza cadenza predefinita, all\u2019invio delle circolari predisposte all\u2019indirizzo di posta elettronica che il cliente fornir\u00e0 al momento del perfezionamento del contratto.<\/em><\/div>\n<div class=\"rtejustify\"><em>\u00a0<\/em><\/div>\n<div class=\"rtejustify\"><em>6. FORMAZIONE, PERFEZIONAMENTO E DURATA DEL CONTRATTO<\/em><\/div>\n<div class=\"rtejustify\"><em>\u00a0<\/em><\/div>\n<div class=\"rtejustify\"><em>6.1. Il presente contratto si forma con l\u2019accettazione di Planet della richiesta di attivazione dell\u2019abbonamento al servizio e si perfeziona nel momento in cui Planet comunica via posta elettronica l\u2019attivazione del servizio, in conseguenza dell\u2019avvenuto pagamento del prezzo del canone di abbonamento;<\/em><\/div>\n<div class=\"rtejustify\"><em>6.2. il contratto di abbonamento al servizio ha durata annuale (12 mesi), decorrenti dal giorno dell\u2019attivazione del servizio;<\/em><\/div>\n<div class=\"rtejustify\"><em>6.3. i rapporti derivanti dal presente contratto si riterranno estinti una volta spirato il termine naturale della prestazione erogata da Planet, costituita dall\u2019abbonamento al servizio. Sar\u00e0 cura del cliente, prima di tale scadenza, comunicare a Planet, in forma scritta, l\u2019intenzione di rinnovare l\u2019abbonamento al servizio;<\/em><\/div>\n<div class=\"rtejustify\"><em>6.4. l\u2019adesione alle presenti clausole contrattuali si forma con l\u2019accettazione del presente contratto e comunque con la lettura delle circolari e\/o con la consultazione del S.I.T. Online;<\/em><\/div>\n<div class=\"rtejustify\"><em>6.5. Planet si riserva, a proprio insindacabile giudizio, di accettare o meno le richieste di adesione al servizio, di rinnovare o meno lo stesso alla scadenza e di procedere alla risoluzione anticipata dello stesso mediante rimborso al cliente del corrispettivo versato, dedotte le somme, calcolate in dodicesimi, relative al periodo di avvenuta fruizione del servizio.<\/em><\/div>\n<div class=\"rtejustify\"><em>\u00a0<\/em><\/div>\n<div class=\"rtejustify\"><em>7. CANONE DI ABBONAMENTO E FATTURAZIONE<\/em><\/div>\n<div class=\"rtejustify\"><em>\u00a0<\/em><\/div>\n<div class=\"rtejustify\"><em>7.1. Il canone annuale di abbonamento al servizio \u00e8 attualmente stabilito in Euro 100,00 (cento\/00) oltre I.V.A. che il cliente corrisponde anticipatamente e in un&#8217;unica soluzione a Planet tramite bonifico bancario al quale segue emissione di fattura. Alla scadenza del contratto Planet comunica l\u2019eventuale variazione del canone di abbonamento per consentire al cliente di valutare l\u2019opportunit\u00e0 del rinnovo.<\/em><\/div>\n<div class=\"rtejustify\"><em>\u00a0<\/em><\/div>\n<div class=\"rtejustify\"><em>8. UTILIZZO DEL SERVIZIO <\/em><\/div>\n<div class=\"rtejustify\"><em>\u00a0<\/em><\/div>\n<div class=\"rtejustify\"><em>8.1. Il cliente \u00e8 il solo ed unico responsabile della conservazione, della riservatezza e dell\u2019utilizzo dei contenuti inoltrati da Planet, nonch\u00e9 della tenuta e dell\u2019utilizzo &#8211; anche per impieghi impropri \u2013 dei codici di accesso al S.I.T. Online. <\/em><\/div>\n<div class=\"rtejustify\"><em>\u00a0<\/em><\/div>\n<div class=\"rtejustify\"><em>9. LIMITAZIONI DI RESPONSABILITA\u2019<\/em><\/div>\n<div class=\"rtejustify\"><em>\u00a0<\/em><\/div>\n<div class=\"rtejustify\"><em>9.1. Il cliente esonera Planet da qualsiasi responsabilit\u00e0 per eventuali danni che dovessero derivargli dall\u2019utilizzo dei dati e del servizio oggetto del presente contratto anche nel caso di sospensione dell\u2019erogazione per abbonamento non rinnovato o per cause di forza maggiore;<\/em><\/div>\n<div class=\"rtejustify\"><em>9.2. il servizio oggetto del presente contratto \u00e8 fornito nella forma disponibile al momento dell\u2019erogazione e nello stato di fatto in cui si trova alla data di utilizzo, senza alcuna garanzia da parte di Planet in merito all\u2019attitudine dello stesso a soddisfare specifiche funzioni oggetto di valutazioni prettamente soggettive;<\/em><\/div>\n<div class=\"rtejustify\"><em>9.3. in nessun caso Planet potr\u00e0 essere ritenuta responsabile, n\u00e9 diretta, n\u00e9 indiretta, per i danni che dovessero conseguire da una errata o incompleta predisposizione degli atti o degli adempimenti derivanti dalle incombenze elencate nelle circolari, se predisposti dal cliente senza l\u2019ausilio dei professionisti indicati da Planet, opportunamente e puntualmente informati dal cliente a riguardo delle proprie esigenze e delle specifiche circostanze del caso;<\/em><\/div>\n<div class=\"rtejustify\"><em>9.4. Planet non si assume alcuna responsabilit\u00e0 per i contenuti informativi e materiali, realizzati o pubblicati da terzi in qualsiasi modo, rispetto ai quali le pagine web ove \u00e8 domiciliato il servizio S.I.T. Online e\/o i servizi di Planet e comunque i domini internet riconducibili a Planet, possano presentare link e riferimenti pubblicitari. Chiunque intender\u00e0 visitare tali aree si assumer\u00e0 la piena responsabilit\u00e0 delle proprie azioni ed avr\u00e0 cura di adottare tutte le precauzioni necessarie contro la presenza di virus informatici o di altri elementi in grado di danneggiare o distruggere i contenuti del computer di chi vi accede.<\/em><\/div>\n<div class=\"rtejustify\"><em>\u00a0<\/em><\/div>\n<div class=\"rtejustify\"><em>10. INFORMATIVA PRIVACY<\/em><\/div>\n<div class=\"rtejustify\"><em>\u00a0<\/em><\/div>\n<div class=\"rtejustify\"><em>10.1. Ai sensi dell\u2019art. 13 del D. Lgs. n. 196\/2003 \u201cCodice in materia di protezione dei dati personali\u201d si informa e dichiara che:<\/em><\/div>\n<div class=\"rtejustify\"><em>10.1.1. i dati personali raccolti ai fini dell\u2019attivazione del servizio richiesto verranno registrati e conservati su supporti elettronici protetti e trattati con adeguate misure di sicurezza;<\/em><\/div>\n<div class=\"rtejustify\"><em>10.1.2. i dati saranno elaborati da Planet e\/o soggetti collegati o controllati esclusivamente con modalit\u00e0 e procedure elettroniche necessarie alla fornitura del servizio richiesto e conservati in elenchi che non verranno resi ostensibili a terzi senza previo consenso scritto da parte del legittimo titolare degli stessi;<\/em><\/div>\n<div class=\"rtejustify\"><em>10.1.3. i soggetti cui si riferiscono i dati personali hanno il diritto in qualunque momento di ottenere la conferma dell\u2019esistenza o meno dei medesimi dati, di conoscerne il contenuto e l\u2019origine, verificarne l\u2019esattezza o chiederne l\u2019integrazione, l\u2019aggiornamento, o la rettifica;<\/em><\/div>\n<div class=\"rtejustify\"><em>10.1.4. il responsabile del trattamento dei dati personali forniti per le finalit\u00e0 sopra esposte \u00e8 la sig.ra Annalisa Ferioli, reperibile presso la sede sociale della Planet, sita in Legnano (Mi), via Taramelli n. 11, tel. 0331 452183, fax 0331 593008, e-mail <a href=\"mailto:antonella@planetmedia.it\">annalisa@planetmedia.it<\/a>;<\/em><\/div>\n<div class=\"rtejustify\"><em>10.2. per ulteriori informazioni in ordine ai diritti alla protezione dei dati personali (c.d. privacy) s\u2019invita a visitare il sito web dell&#8217;Autorit\u00e0 garante per la protezione dei dati personali all&#8217;indirizzo <a href=\"http:\/\/www.garanteprivacy.it\">www.garanteprivacy.it<\/a>.<\/em><\/div>\n<\/div>\n<\/div>\n<p>[\/vc_column_text][\/vc_column][\/vc_row]<\/p>\n","protected":false},"excerpt":{"rendered":"<p>[vc_row][vc_column width=&#8221;1\/2&#8243;][\/vc_column][vc_column width=&#8221;1\/2&#8243;][vc_column_text] S.I.T. &#8211; Service Informativo Telematico Ormai da un decennio, la struttura Consultmedia (collegata al periodico NL Newslinet.it) ha esteso il &#8220;Service informativo telematico&#8221; (S.I.T.), storicamente riservato alla propria clientela\u00a0e che si sostanzia nell&#8217;invio di puntuali circolari in occasione di ogni scadenza ordinaria o straordinaria prevista dal vigente ordinamento giuridico in ambito editoriale, [&hellip;]<\/p>\n","protected":false},"author":1,"featured_media":0,"parent":0,"menu_order":0,"comment_status":"closed","ping_status":"closed","template":"","meta":[],"yoast_head":"<!-- This site is optimized with the Yoast SEO plugin v16.1.1 - https:\/\/yoast.com\/wordpress\/plugins\/seo\/ -->\n<title>SIT - Tecnomedia<\/title>\n<link rel=\"canonical\" href=\"https:\/\/www.logikasoftware.com\/Tecnomedia\/sit\/\" \/>\n<meta property=\"og:locale\" content=\"it_IT\" \/>\n<meta property=\"og:type\" content=\"article\" \/>\n<meta property=\"og:title\" content=\"SIT - Tecnomedia\" \/>\n<meta property=\"og:description\" content=\"[vc_row][vc_column width=&#8221;1\/2&#8243;][\/vc_column][vc_column width=&#8221;1\/2&#8243;][vc_column_text] S.I.T. &#8211; Service Informativo Telematico Ormai da un decennio, la struttura Consultmedia (collegata al periodico NL Newslinet.it) ha esteso il &#8220;Service informativo telematico&#8221; (S.I.T.), storicamente riservato alla propria clientela\u00a0e che si sostanzia nell&#8217;invio di puntuali circolari in occasione di ogni scadenza ordinaria o straordinaria prevista dal vigente ordinamento giuridico in ambito editoriale, [&hellip;]\" \/>\n<meta property=\"og:url\" content=\"https:\/\/www.logikasoftware.com\/Tecnomedia\/sit\/\" \/>\n<meta property=\"og:site_name\" content=\"Tecnomedia\" \/>\n<meta property=\"article:modified_time\" content=\"2016-12-27T08:49:07+00:00\" \/>\n<meta name=\"twitter:card\" content=\"summary\" \/>\n<meta name=\"twitter:label1\" content=\"Tempo di lettura stimato\">\n\t<meta name=\"twitter:data1\" content=\"8 minuti\">\n<script type=\"application\/ld+json\" class=\"yoast-schema-graph\">{\"@context\":\"https:\/\/schema.org\",\"@graph\":[{\"@type\":\"WebSite\",\"@id\":\"https:\/\/www.logikasoftware.com\/Tecnomedia\/#website\",\"url\":\"https:\/\/www.logikasoftware.com\/Tecnomedia\/\",\"name\":\"Tecnomedia\",\"description\":\"Rilevamenti strumentali per la misurazione del campo elettromagnetico\",\"potentialAction\":[{\"@type\":\"SearchAction\",\"target\":\"https:\/\/www.logikasoftware.com\/Tecnomedia\/?s={search_term_string}\",\"query-input\":\"required name=search_term_string\"}],\"inLanguage\":\"it-IT\"},{\"@type\":\"WebPage\",\"@id\":\"https:\/\/www.logikasoftware.com\/Tecnomedia\/sit\/#webpage\",\"url\":\"https:\/\/www.logikasoftware.com\/Tecnomedia\/sit\/\",\"name\":\"SIT - Tecnomedia\",\"isPartOf\":{\"@id\":\"https:\/\/www.logikasoftware.com\/Tecnomedia\/#website\"},\"datePublished\":\"2016-12-10T09:00:56+00:00\",\"dateModified\":\"2016-12-27T08:49:07+00:00\",\"breadcrumb\":{\"@id\":\"https:\/\/www.logikasoftware.com\/Tecnomedia\/sit\/#breadcrumb\"},\"inLanguage\":\"it-IT\",\"potentialAction\":[{\"@type\":\"ReadAction\",\"target\":[\"https:\/\/www.logikasoftware.com\/Tecnomedia\/sit\/\"]}]},{\"@type\":\"BreadcrumbList\",\"@id\":\"https:\/\/www.logikasoftware.com\/Tecnomedia\/sit\/#breadcrumb\",\"itemListElement\":[{\"@type\":\"ListItem\",\"position\":1,\"item\":{\"@type\":\"WebPage\",\"@id\":\"https:\/\/www.logikasoftware.com\/Tecnomedia\/\",\"url\":\"https:\/\/www.logikasoftware.com\/Tecnomedia\/\",\"name\":\"Home\"}},{\"@type\":\"ListItem\",\"position\":2,\"item\":{\"@type\":\"WebPage\",\"@id\":\"https:\/\/www.logikasoftware.com\/Tecnomedia\/sit\/\",\"url\":\"https:\/\/www.logikasoftware.com\/Tecnomedia\/sit\/\",\"name\":\"SIT\"}}]}]}<\/script>\n<!-- \/ Yoast SEO plugin. -->","_links":{"self":[{"href":"https:\/\/www.logikasoftware.com\/Tecnomedia\/wp-json\/wp\/v2\/pages\/81"}],"collection":[{"href":"https:\/\/www.logikasoftware.com\/Tecnomedia\/wp-json\/wp\/v2\/pages"}],"about":[{"href":"https:\/\/www.logikasoftware.com\/Tecnomedia\/wp-json\/wp\/v2\/types\/page"}],"author":[{"embeddable":true,"href":"https:\/\/www.logikasoftware.com\/Tecnomedia\/wp-json\/wp\/v2\/users\/1"}],"replies":[{"embeddable":true,"href":"https:\/\/www.logikasoftware.com\/Tecnomedia\/wp-json\/wp\/v2\/comments?post=81"}],"version-history":[{"count":5,"href":"https:\/\/www.logikasoftware.com\/Tecnomedia\/wp-json\/wp\/v2\/pages\/81\/revisions"}],"predecessor-version":[{"id":96,"href":"https:\/\/www.logikasoftware.com\/Tecnomedia\/wp-json\/wp\/v2\/pages\/81\/revisions\/96"}],"wp:attachment":[{"href":"https:\/\/www.logikasoftware.com\/Tecnomedia\/wp-json\/wp\/v2\/media?parent=81"}],"curies":[{"name":"wp","href":"https:\/\/api.w.org\/{rel}","templated":true}]}}